{"id":3711,"date":"2016-11-09T10:30:55","date_gmt":"2016-11-09T12:30:55","guid":{"rendered":"http:\/\/lavras.tv\/site\/?page_id=3711"},"modified":"2023-02-28T13:32:40","modified_gmt":"2023-02-28T16:32:40","slug":"temofertas","status":"publish","type":"page","link":"https:\/\/lavras.tv\/site\/temofertas\/","title":{"rendered":"TemOfertas"},"content":{"rendered":"<div class=\"lavra-antes-do-conteudo_2\" id=\"lavra-1301486095\"><div id=\"lavra-slider-27\" class=\"custom-slider lavra-slider-12018619 lavra-slider\"><ul><li><div style=\"margin-left: auto;margin-right: auto;text-align: center;\" id=\"lavra-2092363418\"><a href=\"https:\/\/sistemas.lavras.mg.gov.br\/portalcidadao\/#df1b1a7c7b2a290bcb31e32771e610784662739a88807c0dacac58ede5f391a7530e299dc302d611ee73cb143fc22eaf93592e53e7b5bdb01b00a0b8d28dae460c141dd2ff83412e4dc1c31b16b25f33144a9e5620ea73b13f5bc1c59411d98439ad226e8af03840603796067d87afe130812cf3de24982d0e306f9e61e764e5\" aria-label=\"Lavras-TV&#8211;720x104px (1) (1)\"><img src=\"https:\/\/lavras.tv\/site\/wp-content\/uploads\/2025\/01\/Lavras-TV-720x104px-1-1.png\" alt=\"\"  srcset=\"https:\/\/lavras.tv\/site\/wp-content\/uploads\/2025\/01\/Lavras-TV-720x104px-1-1.png 720w, https:\/\/lavras.tv\/site\/wp-content\/uploads\/2025\/01\/Lavras-TV-720x104px-1-1-470x68.png 470w, https:\/\/lavras.tv\/site\/wp-content\/uploads\/2025\/01\/Lavras-TV-720x104px-1-1-170x25.png 170w, https:\/\/lavras.tv\/site\/wp-content\/uploads\/2025\/01\/Lavras-TV-720x104px-1-1-200x29.png 200w\" sizes=\"(max-width: 720px) 100vw, 720px\" width=\"720\" height=\"104\"  style=\"display: inline-block;\" \/><\/a><\/div><\/li><li><a href=\"https:\/\/sistemas.lavras.mg.gov.br\/portalcidadao\/#df1b1a7c7b2a290bcb31e32771e610784662739a88807c0dacac58ede5f391a7530e299dc302d611ee73cb143fc22eaf93592e53e7b5bdb01b00a0b8d28dae460c141dd2ff83412e4dc1c31b16b25f33144a9e5620ea73b13f5bc1c59411d98439ad226e8af03840603796067d87afe130812cf3de24982d0e306f9e61e764e5\" aria-label=\"Banner_Emprego_PortallavrasTV\"><img src=\"https:\/\/lavras.tv\/site\/wp-content\/uploads\/2025\/03\/Banner_Emprego_PortallavrasTV.png\" alt=\"\"  srcset=\"https:\/\/lavras.tv\/site\/wp-content\/uploads\/2025\/03\/Banner_Emprego_PortallavrasTV.png 720w, https:\/\/lavras.tv\/site\/wp-content\/uploads\/2025\/03\/Banner_Emprego_PortallavrasTV-470x68.png 470w, https:\/\/lavras.tv\/site\/wp-content\/uploads\/2025\/03\/Banner_Emprego_PortallavrasTV-170x25.png 170w, https:\/\/lavras.tv\/site\/wp-content\/uploads\/2025\/03\/Banner_Emprego_PortallavrasTV-200x29.png 200w\" sizes=\"(max-width: 720px) 100vw, 720px\" width=\"720\" height=\"104\"   \/><\/a><\/li><li><a href=\"https:\/\/sistemas.lavras.mg.gov.br\/portalcidadao\/#df1b1a7c7b2a290bcb31e32771e610784662739a88807c0dacac58ede5f391a7530e299dc302d611ee73cb143fc22eaf93592e53e7b5bdb01b00a0b8d28dae460c141dd2ff83412e4dc1c31b16b25f33144a9e5620ea73b13f5bc1c59411d98439ad226e8af03840603796067d87afe130812cf3de24982d0e306f9e61e764e5\" aria-label=\"Banner_Obras_PortallavrasTV\"><img src=\"https:\/\/lavras.tv\/site\/wp-content\/uploads\/2025\/03\/Banner_Obras_PortallavrasTV.png\" alt=\"\"  srcset=\"https:\/\/lavras.tv\/site\/wp-content\/uploads\/2025\/03\/Banner_Obras_PortallavrasTV.png 720w, https:\/\/lavras.tv\/site\/wp-content\/uploads\/2025\/03\/Banner_Obras_PortallavrasTV-470x68.png 470w, https:\/\/lavras.tv\/site\/wp-content\/uploads\/2025\/03\/Banner_Obras_PortallavrasTV-170x25.png 170w, https:\/\/lavras.tv\/site\/wp-content\/uploads\/2025\/03\/Banner_Obras_PortallavrasTV-200x29.png 200w\" sizes=\"(max-width: 720px) 100vw, 720px\" width=\"720\" height=\"104\"   \/><\/a><\/li><li><div style=\"margin-left: auto;margin-right: auto;text-align: center;\" id=\"lavra-3531923235\"><a href=\"https:\/\/sistemas.lavras.mg.gov.br\/portalcidadao\/#df1b1a7c7b2a290bcb31e32771e610784662739a88807c0dacac58ede5f391a7530e299dc302d611ee73cb143fc22eaf93592e53e7b5bdb01b00a0b8d28dae460c141dd2ff83412e4dc1c31b16b25f33144a9e5620ea73b13f5bc1c59411d98439ad226e8af03840603796067d87afe130812cf3de24982d0e306f9e61e764e5\" aria-label=\"Banner_Educa\u00e7\u00e3o_PortallavrasTV\"><img src=\"https:\/\/lavras.tv\/site\/wp-content\/uploads\/2025\/01\/Banner_Educacao_PortallavrasTV.png\" alt=\"\"  srcset=\"https:\/\/lavras.tv\/site\/wp-content\/uploads\/2025\/01\/Banner_Educacao_PortallavrasTV.png 720w, https:\/\/lavras.tv\/site\/wp-content\/uploads\/2025\/01\/Banner_Educacao_PortallavrasTV-470x68.png 470w, https:\/\/lavras.tv\/site\/wp-content\/uploads\/2025\/01\/Banner_Educacao_PortallavrasTV-170x25.png 170w, https:\/\/lavras.tv\/site\/wp-content\/uploads\/2025\/01\/Banner_Educacao_PortallavrasTV-200x29.png 200w\" sizes=\"(max-width: 720px) 100vw, 720px\" width=\"720\" height=\"104\"  style=\"display: inline-block;\" \/><\/a><\/div><\/li><li><a href=\"https:\/\/sistemas.lavras.mg.gov.br\/portalcidadao\/#df1b1a7c7b2a290bcb31e32771e610784662739a88807c0dacac58ede5f391a7530e299dc302d611ee73cb143fc22eaf93592e53e7b5bdb01b00a0b8d28dae460c141dd2ff83412e4dc1c31b16b25f33144a9e5620ea73b13f5bc1c59411d98439ad226e8af03840603796067d87afe130812cf3de24982d0e306f9e61e764e5\" aria-label=\"Banner_Sa\u00fade_PortallavrasTV\"><img src=\"https:\/\/lavras.tv\/site\/wp-content\/uploads\/2025\/03\/Banner_Saude_PortallavrasTV.png\" alt=\"\"  srcset=\"https:\/\/lavras.tv\/site\/wp-content\/uploads\/2025\/03\/Banner_Saude_PortallavrasTV.png 720w, https:\/\/lavras.tv\/site\/wp-content\/uploads\/2025\/03\/Banner_Saude_PortallavrasTV-470x68.png 470w, https:\/\/lavras.tv\/site\/wp-content\/uploads\/2025\/03\/Banner_Saude_PortallavrasTV-170x25.png 170w, https:\/\/lavras.tv\/site\/wp-content\/uploads\/2025\/03\/Banner_Saude_PortallavrasTV-200x29.png 200w\" sizes=\"(max-width: 720px) 100vw, 720px\" width=\"720\" height=\"104\"   \/><\/a><\/li><li><div id=\"lavra-3723001723\" style=\"width:720px;height:104px;background-color:#ddd;overflow:scroll;\">\n\t<strong>Sa\u00edda da depura\u00e7\u00e3o de an\u00fancios<\/strong>\n\t<br><br>\n\tO an\u00fancio n\u00e3o \u00e9 exibido na p\u00e1gina<br><br>post atual: TemOfertas, ID: 3711<br><br><span style=\"color: red;\">O post atual n\u00e3o \u00e9 id\u00eantico ao post principal.<\/span><br><br>An\u00fancios: ROXO - TOPO INTERNA - ROTATIVO 2 (197)<br \/>Grupo de an\u00fancios: Princ_Meio01_720x104 (27)<br><br>Condi\u00e7\u00f5es de exibi\u00e7\u00e3o<div style=\"margin-bottom: 20px; white-space: pre-wrap; font-family: monospace; width: 100%; background: #ffe9e9;\"><strong>condi\u00e7\u00f5es gerais<\/strong><table border=\"1\"><thead><tr><th><\/th><th>An\u00fancios<\/th><th>wp_the_query<\/th><\/tr><\/thead><tr><td>is_main_query<\/td><td>1<\/td><td>1<\/td><\/tr><tr><td>is_rest_api<\/td><td>0<\/td><td>1<\/td><\/tr><tr><td>page<\/td><td>0<\/td><td>1<\/td><\/tr><tr><td>numpages<\/td><td>0<\/td><td>1<\/td><\/tr><tr><td>is_archive<\/td><td>1<\/td><td><\/td><\/tr><tr><td>is_search<\/td><td>1<\/td><td><\/td><\/tr><tr><td>is_home<\/td><td>1<\/td><td><\/td><\/tr><tr><td>is_404<\/td><td>1<\/td><td><\/td><\/tr><tr><td>is_attachment<\/td><td>1<\/td><td><\/td><\/tr><tr><td>is_singular<\/td><td>1<\/td><td><\/td><\/tr><tr><td>is_front_page<\/td><td>1<\/td><td><\/td><\/tr><tr><td>is_feed<\/td><td>1<\/td><td><\/td><\/tr><\/table><\/div><br><br><span style=\"color: red;\">Seu site usa HTTPS, mas o c\u00f3digo do an\u00fancio cont\u00e9m HTTP e pode n\u00e3o funcionar.<\/span>\t<br><br>\n\t<a style=\"color: green;\" href=\"https:\/\/wpadvancedads.com\/manual\/ad-debug-mode\/?utm_source=advanced-ads&utm_medium=link&utm_campaign=ad-debug-mode\" target=\"_blank\" rel=\"nofollow\">Encontre solu\u00e7\u00f5es no manual<\/a>\n<\/div>\n<\/li><\/ul><\/div><script>( window.advanced_ads_ready || jQuery( document ).ready ).call( null, function() {var $lavraslider12018619 = jQuery( \".lavra-slider-12018619\" );$lavraslider12018619.on( \"unslider.ready\", function() { jQuery( \"div.custom-slider ul li\" ).css( \"display\", \"block\" ); });$lavraslider12018619.unslider({ delay:4000, autoplay:true, nav:false, arrows:false, infinite:true });$lavraslider12018619.on(\"mouseover\", function() {$lavraslider12018619.unslider(\"stop\");}).on(\"mouseout\", function() {$lavraslider12018619.unslider(\"start\");});});<\/script><\/div><h3><\/h3>\n<h3><\/h3>\n<h3>Cear\u00e1 M\u00f3veis<\/h3>\n<p><iframe title=\"Tem Ofertas  - Cear\u00e1 M\u00f3veis e Colch\u00f5es\" width=\"500\" height=\"281\" src=\"https:\/\/www.youtube.com\/embed\/sBg9OvDC9VY?feature=oembed\" frameborder=\"0\" allow=\"accelerometer; autoplay; clipboard-write; encrypted-media; gyroscope; picture-in-picture; web-share\" referrerpolicy=\"strict-origin-when-cross-origin\" allowfullscreen><\/iframe><\/p>\n<h3><\/h3>\n<h3 class=\"widget-title\">ATRmais Construtora<\/h3>\n<p><iframe src=\"\/\/www.youtube.com\/embed\/ZiSMIiKuBZ4?autoplay=0&amp;loop=0&amp;rel=0\" width=\"790\" height=\"450\" frameborder=\"0\" allowfullscreen=\"allowfullscreen\"><\/iframe><\/p>\n<h3 class=\"widget-title\">ATRmais e Pe\u00e7a im\u00f3veis<\/h3>\n<p><iframe src=\"\/\/www.youtube.com\/embed\/d1gAOVziV-4?autoplay=0&amp;loop=0&amp;rel=0\" width=\"790\" height=\"450\" frameborder=\"0\" allowfullscreen=\"allowfullscreen\"><\/iframe><\/p>\n<h3 class=\"widget-title\">DPASCHOAL<\/h3>\n<p><iframe src=\"\/\/www.youtube.com\/embed\/mw-injCm5fI?autoplay=0&amp;loop=0&amp;rel=0\" width=\"790\" height=\"450\" frameborder=\"0\" allowfullscreen=\"allowfullscreen\"><\/iframe><\/p>\n<h3 class=\"widget-title\">ARMAZ\u00c9M IMP\u00c9RIO &amp; L\u00c1 NO R\u00daBIO<\/h3>\n<p><iframe src=\"\/\/www.youtube.com\/embed\/8qQcQFbyYvs?autoplay=0&amp;loop=0&amp;rel=0\" width=\"790\" height=\"450\" frameborder=\"0\" allowfullscreen=\"allowfullscreen\"><\/iframe><\/p>\n<h3 class=\"widget-title\">MAPI CHEVROLET<\/h3>\n<p><iframe src=\"\/\/www.youtube.com\/embed\/gSaX7u3JfG4?autoplay=0&amp;loop=0&amp;rel=0\" width=\"790\" height=\"450\" frameborder=\"0\" allowfullscreen=\"allowfullscreen\"><\/iframe><\/p>\n<h3 class=\"widget-title\">CACEL VOLSKSWAGEM<\/h3>\n<p><iframe src=\"\/\/www.youtube.com\/embed\/AbTPNg1Kuh4?autoplay=0&amp;loop=0&amp;rel=0\" width=\"790\" height=\"450\" frameborder=\"0\" allowfullscreen=\"allowfullscreen\"><\/iframe><\/p>\n<h3 class=\"widget-title\">KATUXA CAL\u00c7ADOS 1<\/h3>\n<p><iframe src=\"\/\/www.youtube.com\/embed\/Lg971LGTW7E?autoplay=0&amp;loop=0&amp;rel=0\" width=\"790\" height=\"450\" frameborder=\"0\" allowfullscreen=\"allowfullscreen\"><\/iframe><\/p>\n<h3 class=\"widget-title\">KATUXA CAL\u00c7ADOS 2<\/h3>\n<p><iframe src=\"\/\/www.youtube.com\/embed\/bFrzV-kaCZs?autoplay=0&amp;loop=0&amp;rel=0\" width=\"790\" height=\"450\" frameborder=\"0\" allowfullscreen=\"allowfullscreen\"><\/iframe><\/p>\n<h3 class=\"widget-title\">KATUXA CAL\u00c7ADOS 3<\/h3>\n<p><iframe src=\"\/\/www.youtube.com\/embed\/YShCPHEoFAQ?autoplay=0&amp;loop=0&amp;rel=0\" width=\"790\" height=\"450\" frameborder=\"0\" allowfullscreen=\"allowfullscreen\"><\/iframe><\/p>\n<h3 class=\"widget-title\">UOMO MODA MASCULINA<\/h3>\n<p><iframe src=\"\/\/www.youtube.com\/embed\/Ch2vYC7zgZk?autoplay=0&amp;loop=0&amp;rel=0\" width=\"790\" height=\"450\" frameborder=\"0\" allowfullscreen=\"allowfullscreen\"><\/iframe><\/p>\n<p><a href=\"http:\/\/grupoatr.com.br\/atrmais\/empreendimentos\/loteamento-belo-monte\/\" target=\"_blank\" rel=\"noopener\"><img decoding=\"async\" class=\"aligncenter wp-image-17670 size-full\" src=\"http:\/\/lavras.tv\/site\/wp-content\/uploads\/2016\/11\/ATR-300x100-2.jpg\" sizes=\"(max-width: 300px) 100vw, 300px\" srcset=\"http:\/\/lavras.tv\/site\/wp-content\/uploads\/2016\/11\/ATR-300x100-2.jpg 300w, http:\/\/lavras.tv\/site\/wp-content\/uploads\/2016\/11\/ATR-300x100-2-150x50.jpg 150w\" alt=\"ATR 300x100\" width=\"300\" height=\"100\" \/><\/a><\/p>\n<p><a href=\"https:\/\/www.dpaschoal.com.br\/\" target=\"_blank\" rel=\"noopener\"><img decoding=\"async\" class=\"aligncenter wp-image-14792 size-full\" src=\"http:\/\/lavras.tv\/site\/wp-content\/uploads\/2016\/11\/DPASCHOAL-300x100.jpg\" sizes=\"(max-width: 300px) 100vw, 300px\" srcset=\"http:\/\/lavras.tv\/site\/wp-content\/uploads\/2016\/11\/DPASCHOAL-300x100.jpg 300w, http:\/\/lavras.tv\/site\/wp-content\/uploads\/2016\/11\/DPASCHOAL-300x100-150x50.jpg 150w\" alt=\"DPASCHOAL 300x100\" width=\"300\" height=\"100\" \/><\/a><\/p>\n<p><a href=\"https:\/\/www.facebook.com\/Armaz%C3%A9m-Imp%C3%A9rio-537628799641519\/\" target=\"_blank\" rel=\"noopener\"><img decoding=\"async\" class=\"aligncenter wp-image-16197 size-full\" src=\"http:\/\/lavras.tv\/site\/wp-content\/uploads\/2016\/11\/rubio-armazem-imperio-300x100.jpg\" sizes=\"(max-width: 300px) 100vw, 300px\" srcset=\"http:\/\/lavras.tv\/site\/wp-content\/uploads\/2016\/11\/rubio-armazem-imperio-300x100.jpg 300w, http:\/\/lavras.tv\/site\/wp-content\/uploads\/2016\/11\/rubio-armazem-imperio-300x100-150x50.jpg 150w\" alt=\"rubio armazem imperio 300x100\" width=\"300\" height=\"100\" \/><\/a><\/p>\n<p><a href=\"http:\/\/www.katuxa.com.br\" target=\"_blank\" rel=\"noopener\"><img loading=\"lazy\" decoding=\"async\" class=\"aligncenter wp-image-16050 size-full\" src=\"http:\/\/lavras.tv\/site\/wp-content\/uploads\/2016\/11\/katuxa-300x100.jpg\" sizes=\"(max-width: 300px) 100vw, 300px\" srcset=\"http:\/\/lavras.tv\/site\/wp-content\/uploads\/2016\/11\/katuxa-300x100.jpg 300w, http:\/\/lavras.tv\/site\/wp-content\/uploads\/2016\/11\/katuxa-300x100-150x50.jpg 150w\" alt=\"katuxa 300x100\" width=\"300\" height=\"100\" \/><\/a><\/p>\n<p><a href=\"http:\/\/grupocacel.com.br\/\" target=\"_blank\" rel=\"noopener\"><img loading=\"lazy\" decoding=\"async\" class=\"aligncenter wp-image-14794 size-full\" src=\"http:\/\/lavras.tv\/site\/wp-content\/uploads\/2016\/11\/CACEL-300x100.jpg\" sizes=\"(max-width: 300px) 100vw, 300px\" srcset=\"http:\/\/lavras.tv\/site\/wp-content\/uploads\/2016\/11\/CACEL-300x100.jpg 300w, http:\/\/lavras.tv\/site\/wp-content\/uploads\/2016\/11\/CACEL-300x100-150x50.jpg 150w\" alt=\"CACEL 300x100\" width=\"300\" height=\"100\" \/><\/a><\/p>\n<p><a href=\"https:\/\/mapichevrolet.com.br\/\" target=\"_blank\" rel=\"noopener\"><img loading=\"lazy\" decoding=\"async\" class=\"aligncenter wp-image-14895 size-full\" src=\"http:\/\/lavras.tv\/site\/wp-content\/uploads\/2016\/11\/MAPI-300x100.jpg\" sizes=\"(max-width: 300px) 100vw, 300px\" srcset=\"http:\/\/lavras.tv\/site\/wp-content\/uploads\/2016\/11\/MAPI-300x100.jpg 300w, http:\/\/lavras.tv\/site\/wp-content\/uploads\/2016\/11\/MAPI-300x100-150x50.jpg 150w\" alt=\"MAPI 300x100\" width=\"300\" height=\"100\" \/><\/a><\/p>\n","protected":false},"excerpt":{"rendered":"<p>Cear\u00e1 M\u00f3veis ATRmais Construtora ATRmais e Pe\u00e7a im\u00f3veis DPASCHOAL ARMAZ\u00c9M IMP\u00c9RIO &amp; L\u00c1 NO R\u00daBIO MAPI CHEVROLET CACEL VOLSKSWAGEM KATUXA CAL\u00c7ADOS 1 KATUXA CAL\u00c7ADOS 2 KATUXA CAL\u00c7ADOS 3 UOMO MODA MASCULINA<\/p>\n","protected":false},"author":2,"featured_media":0,"parent":0,"menu_order":0,"comment_status":"closed","ping_status":"closed","template":"","meta":{"advgb_blocks_editor_width":"","advgb_blocks_columns_visual_guide":"","_exactmetrics_skip_tracking":false,"_exactmetrics_sitenote_active":false,"_exactmetrics_sitenote_note":"","_exactmetrics_sitenote_category":0,"footnotes":""},"class_list":["post-3711","page","type-page","status-publish","hentry"],"better_featured_image":null,"coauthors":[],"author_meta":{"author_link":"https:\/\/lavras.tv\/site\/author\/lavrastv\/","display_name":"Lavras TV"},"relative_dates":{"created":"Publicado 9 anos atr\u00e1s","modified":"Atualizado 3 anos atr\u00e1s"},"absolute_dates":{"created":"Publicado em 9 de novembro de 2016","modified":"Atualizado em 28 de fevereiro de 2023"},"absolute_dates_time":{"created":"Publicado em 9 de novembro de 2016 10:30","modified":"Atualizado em 28 de fevereiro de 2023 13:32"},"featured_img_caption":"","featured_img":false,"series_order":"","_links":{"self":[{"href":"https:\/\/lavras.tv\/site\/wp-json\/wp\/v2\/pages\/3711","targetHints":{"allow":["GET"]}}],"collection":[{"href":"https:\/\/lavras.tv\/site\/wp-json\/wp\/v2\/pages"}],"about":[{"href":"https:\/\/lavras.tv\/site\/wp-json\/wp\/v2\/types\/page"}],"author":[{"embeddable":true,"href":"https:\/\/lavras.tv\/site\/wp-json\/wp\/v2\/users\/2"}],"replies":[{"embeddable":true,"href":"https:\/\/lavras.tv\/site\/wp-json\/wp\/v2\/comments?post=3711"}],"version-history":[{"count":100,"href":"https:\/\/lavras.tv\/site\/wp-json\/wp\/v2\/pages\/3711\/revisions"}],"predecessor-version":[{"id":54480,"href":"https:\/\/lavras.tv\/site\/wp-json\/wp\/v2\/pages\/3711\/revisions\/54480"}],"wp:attachment":[{"href":"https:\/\/lavras.tv\/site\/wp-json\/wp\/v2\/media?parent=3711"}],"curies":[{"name":"wp","href":"https:\/\/api.w.org\/{rel}","templated":true}]}}